{"id":111,"date":"2025-06-01T01:25:10","date_gmt":"2025-05-31T23:25:10","guid":{"rendered":"https:\/\/chatanawojowka.pl\/?page_id=111"},"modified":"2025-08-03T17:37:25","modified_gmt":"2025-08-03T15:37:25","slug":"oferta","status":"publish","type":"page","link":"https:\/\/chatanawojowka.pl\/?page_id=111","title":{"rendered":"Oferta"},"content":{"rendered":"\n<p style=\"margin-right:0;margin-left:0\">Szukasz miejsca na spotkanie przy ognisku, urodziny w plenerze lub wiecz\u00f3r integracyjny bez t\u0142um\u00f3w?<\/p>\n\n\n\n<blockquote class=\"wp-block-quote is-layout-flow wp-block-quote-is-layout-flow\">\n<p class=\"has-text-align-left\"><strong>Oferujemy naszym Go\u015bciom do wynaj\u0119cia ogromny ogr\u00f3d, po\u0142o\u017cony w Nawojowej G\u00f3rze ko\u0142o Krzeszowic, 30 km od Krakowa. <\/strong>Teren jest ogrodzony, co pozwala poczu\u0107 si\u0119 swobodnie i bezpiecznie.<\/p>\n<\/blockquote>\n\n\n\n<figure class=\"wp-block-gallery has-nested-images columns-default is-cropped wp-block-gallery-1 is-layout-flex wp-block-gallery-is-layout-flex\">\n<figure class=\"wp-block-image size-large\"><img loading=\"lazy\" decoding=\"async\" width=\"1024\" height=\"682\" data-id=\"334\" src=\"https:\/\/chatanawojowka.pl\/wp-content\/uploads\/2025\/06\/Witamy_u_nas-1024x682.png\" alt=\"\" class=\"wp-image-334\" srcset=\"https:\/\/chatanawojowka.pl\/wp-content\/uploads\/2025\/06\/Witamy_u_nas-1024x682.png 1024w, https:\/\/chatanawojowka.pl\/wp-content\/uploads\/2025\/06\/Witamy_u_nas-300x200.png 300w, https:\/\/chatanawojowka.pl\/wp-content\/uploads\/2025\/06\/Witamy_u_nas-768x512.png 768w, https:\/\/chatanawojowka.pl\/wp-content\/uploads\/2025\/06\/Witamy_u_nas-1536x1023.png 1536w, https:\/\/chatanawojowka.pl\/wp-content\/uploads\/2025\/06\/Witamy_u_nas.png 1600w\" sizes=\"auto, (max-width: 1024px) 100vw, 1024px\" \/><\/figure>\n\n\n\n<figure class=\"wp-block-image size-full\"><img loading=\"lazy\" decoding=\"async\" width=\"1286\" height=\"727\" data-id=\"280\" src=\"https:\/\/chatanawojowka.pl\/wp-content\/uploads\/2025\/06\/Chata_Nawojowka_widok_z_gory-1.png\" alt=\"\" class=\"wp-image-280\" srcset=\"https:\/\/chatanawojowka.pl\/wp-content\/uploads\/2025\/06\/Chata_Nawojowka_widok_z_gory-1.png 1286w, https:\/\/chatanawojowka.pl\/wp-content\/uploads\/2025\/06\/Chata_Nawojowka_widok_z_gory-1-300x170.png 300w\" sizes=\"auto, (max-width: 1286px) 100vw, 1286px\" \/><\/figure>\n<\/figure>\n\n\n\n<h3 class=\"wp-block-heading has-text-align-left\"> Co mo\u017cesz u nas zorganizowa\u0107 ?<\/h3>\n\n\n\n<ul class=\"wp-block-list\">\n<li>Imprez\u0119 urodzinow\u0105<\/li>\n\n\n\n<li>Spotkanie integracyjne dla pracownik\u00f3w<\/li>\n\n\n\n<li>Szkolenia lub warsztaty<\/li>\n\n\n\n<li>Ognisko dla przyjaci\u00f3\u0142 i znajomych<\/li>\n\n\n\n<li>Sesje zdj\u0119ciowe na ogrodzie<\/li>\n\n\n\n<li>Realizacje filmowe<\/li>\n<\/ul>\n\n\n\n<figure class=\"wp-block-gallery has-nested-images columns-default is-cropped wp-block-gallery-2 is-layout-flex wp-block-gallery-is-layout-flex\">\n<figure class=\"wp-block-image size-large\"><img loading=\"lazy\" decoding=\"async\" width=\"1024\" height=\"678\" data-id=\"427\" src=\"https:\/\/chatanawojowka.pl\/wp-content\/uploads\/2025\/07\/Zabawa_przy_ognisku-1024x678.jpg\" alt=\"\" class=\"wp-image-427\" srcset=\"https:\/\/chatanawojowka.pl\/wp-content\/uploads\/2025\/07\/Zabawa_przy_ognisku-1024x678.jpg 1024w, https:\/\/chatanawojowka.pl\/wp-content\/uploads\/2025\/07\/Zabawa_przy_ognisku-300x199.jpg 300w, https:\/\/chatanawojowka.pl\/wp-content\/uploads\/2025\/07\/Zabawa_przy_ognisku-768x508.jpg 768w, https:\/\/chatanawojowka.pl\/wp-content\/uploads\/2025\/07\/Zabawa_przy_ognisku.jpg 1200w\" sizes=\"auto, (max-width: 1024px) 100vw, 1024px\" \/><\/figure>\n\n\n\n<figure class=\"wp-block-image size-large\"><img loading=\"lazy\" decoding=\"async\" width=\"1024\" height=\"678\" data-id=\"100\" src=\"https:\/\/chatanawojowka.pl\/wp-content\/uploads\/2025\/06\/05_Ognisko-6-1024x678.jpg\" alt=\"\" class=\"wp-image-100\" srcset=\"https:\/\/chatanawojowka.pl\/wp-content\/uploads\/2025\/06\/05_Ognisko-6-1024x678.jpg 1024w, https:\/\/chatanawojowka.pl\/wp-content\/uploads\/2025\/06\/05_Ognisko-6-300x199.jpg 300w, https:\/\/chatanawojowka.pl\/wp-content\/uploads\/2025\/06\/05_Ognisko-6-768x509.jpg 768w, https:\/\/chatanawojowka.pl\/wp-content\/uploads\/2025\/06\/05_Ognisko-6-1536x1017.jpg 1536w, https:\/\/chatanawojowka.pl\/wp-content\/uploads\/2025\/06\/05_Ognisko-6-2048x1356.jpg 2048w\" sizes=\"auto, (max-width: 1024px) 100vw, 1024px\" \/><\/figure>\n<\/figure>\n\n\n\n<h3 class=\"wp-block-heading\"> Do dyspozycji go\u015bci mamy:<\/h3>\n\n\n\n<ul class=\"wp-block-list\">\n<li><strong>Przestrze\u0144 dla du\u017cej grupy<\/strong> \u2013 dwa drewniane sto\u0142y z \u0142awami, kt\u00f3re pomieszcz\u0105 oko\u0142o 28 os\u00f3b.<\/li>\n\n\n\n<li>\ud83d\udd25 <strong>Miejsce na ognisko<\/strong> z wygodnymi balami do siedzenia wok\u00f3\u0142.<\/li>\n\n\n\n<li>\ud83d\udd25 <strong>Du\u017cy, okr\u0105g\u0142y ruszt na tr\u00f3jnogu<\/strong> \u2013 idealny do grillowania nad ogniem.<\/li>\n\n\n\n<li>\ud83d\udd25 <strong>Szpile do kie\u0142basek<\/strong> oraz <strong>\u017celiwny kocio\u0142ek<\/strong>, w sam raz na duszonki, pieczonki czy inne przysmaki.<\/li>\n\n\n\n<li>\ud83d\udd25 <strong>Zapewnione drewno do ogniska (op\u0142ata 70 z\u0142)<\/strong> \u2013 nie musisz nic przywozi\u0107!<\/li>\n\n\n\n<li><strong>Du\u017cy, wodoodporny namiot ogrodowy<\/strong> (3 \u00d7 3 m) \u2013 idealny zar\u00f3wno na s\u0142o\u0144ce, jak i na deszcz.<\/li>\n\n\n\n<li><strong>Koce, hamaki, hu\u015btawki<\/strong>, a tak\u017ce <strong>badminton, pi\u0142ki pla\u017cowe i zabawki dla dzieci<\/strong> \u2013 co\u015b dla ma\u0142ych i du\u017cych!<\/li>\n\n\n\n<li><strong>Kuchnia i \u0142azienka z toalet\u0105<\/strong> \u2013 zaplecze daj\u0105ce pe\u0142en komfort pobytu.<\/li>\n\n\n\n<li>\ud83d\ude97 <strong>Miejsce parkingowe na ogrodzie dla 5\u20136 samochod\u00f3w<\/strong> \u2013 przy wi\u0119kszej grupie dodatkowy parking przy drodze (lokalny plac, 5 min od Chaty).<\/li>\n<\/ul>\n\n\n\n<div class=\"wp-block-buttons is-layout-flex wp-block-buttons-is-layout-flex\">\n<div class=\"wp-block-button\"><a class=\"wp-block-button__link wp-element-button\" href=\"https:\/\/www.instagram.com\/reel\/DM26vIosN6k\/?igsh=MTVyOTlkNTFkamc4ZQ%3D%3D\"><strong>Zobacz film<\/strong><\/a><\/div>\n<\/div>\n\n\n\n<h3 class=\"wp-block-heading\"> Zasady wynajmu:<\/h3>\n\n\n\n<ul class=\"wp-block-list\">\n<li>Mo\u017cliwo\u015b\u0107 wynajmu ogrodu mi\u0119dzy godz. 12 a 20.<\/li>\n\n\n\n<li>Wynajem mo\u017cliwy dla maksymalnie 30 go\u015bci.<\/li>\n\n\n\n<li>\u2757<strong>Nie wynajmujemy <\/strong>ogrodu na<strong> <\/strong>imprezy z nadmiernym spo\u017cyciem alkoholu, g\u0142o\u015bn\u0105 muzyk\u0105 czy zak\u0142\u00f3caniem ciszy. Szanujemy naszych s\u0105siad\u00f3w i atmosfer\u0119 miejsca. Rezerwacja oznacza zgod\u0119 na kulturalne zasady spotka\u0144.<\/li>\n\n\n\n<li>Udost\u0119pniamy stojak z workami do segregacji \u015bmieci \u2013 prosimy o zostawienie miejsca w czysto\u015bci.<\/li>\n\n\n\n<li>Rezerwacja terminu jest potwierdzana mailowo po wp\u0142acie zadatku 150 z\u0142. Zwrot zadatku mo\u017cliwy tylko i wy\u0142\u0105cznie w razie bardzo z\u0142ych warunk\u00f3w pogodowych (np. ulewy, burze).<\/li>\n<\/ul>\n\n\n\n<h3 class=\"wp-block-heading\"> Cennik:<\/h3>\n\n\n\n<ul class=\"wp-block-list\">\n<li>4 godziny dla 20 os\u00f3b &#8211; 800 z\u0142 (od poniedzia\u0142ku do pi\u0105tku), 950 z\u0142 (weekend)<\/li>\n\n\n\n<li>Ka\u017cda kolejna osoba &#8211; 30 z\u0142 <\/li>\n\n\n\n<li>Ka\u017cda kolejna godzina &#8211; 180 z\u0142<\/li>\n\n\n\n<li>Taczka drewna na ognisko &#8211; 70 z\u0142<\/li>\n<\/ul>\n\n\n\n<h3 class=\"wp-block-heading\" style=\"margin-right:0;margin-left:0\">Wszystkie inne potrzeby (np. liczba go\u015bci, zakres korzystania z kuchni, dodatkowy wystr\u00f3j) s\u0105 ustalane indywidualnie. Dzwo\u0144 \u015bmia\u0142o! \ud83d\ude42<\/h3>\n\n\n\n<p><\/p>\n\n\n\n<div class=\"wp-block-cover alignfull wp-duotone-000000-e5f1f0-3\" style=\"margin-top:0;padding-top:4vw;padding-right:4vw;padding-bottom:4vw;padding-left:4vw;min-height:197px;aspect-ratio:unset;\"><img decoding=\"async\" class=\"wp-block-cover__image-background wp-image-154 size-large\" alt=\"\" src=\"https:\/\/chatanawojowka.pl\/wp-content\/uploads\/2025\/06\/DSC_0218-1024x678.jpg\" data-object-fit=\"cover\"\/><span aria-hidden=\"true\" class=\"wp-block-cover__background has-background-dim-90 has-background-dim\" style=\"background-color:#2c3066\"><\/span><div class=\"wp-block-cover__inner-container is-layout-flow wp-block-cover-is-layout-flow\">\n<p class=\"has-text-align-center has-large-font-size\"><strong>Informacje i rezerwacje:<br>Ania, tel. 690 550 614<\/strong><\/p>\n<\/div><\/div>\n\n\n\n<div class=\"wp-block-group alignfull has-text-color has-background is-layout-flow wp-block-group-is-layout-flow\" style=\"color:#000000;background-color:#ffffff\">\n<div class=\"wp-block-buttons is-horizontal is-content-justification-center is-layout-flex wp-container-core-buttons-is-layout-03627597 wp-block-buttons-is-layout-flex\">\n<div class=\"wp-block-button\"><a class=\"wp-block-button__link has-luminous-vivid-amber-background-color has-background has-upper-heading-font-size has-custom-font-size wp-element-button\" href=\"https:\/\/chatanawojowka.pl\/?page_id=96\">Galeria zdj\u0119\u0107<\/a><\/div>\n<\/div>\n<\/div>\n","protected":false},"excerpt":{"rendered":"<p>Szukasz miejsca na spotkanie przy ognisku, urodziny w plenerze lub wiecz\u00f3r integracyjny bez t\u0142um\u00f3w? Oferujemy naszym Go\u015bciom do wynaj\u0119cia ogromny ogr\u00f3d, po\u0142o\u017cony w Nawojowej G\u00f3rze ko\u0142o Krzeszowic, 30 km od Krakowa. Teren jest ogrodzony, co pozwala poczu\u0107 si\u0119 swobodnie i bezpiecznie. Co mo\u017cesz u nas zorganizowa\u0107 ? Do dyspozycji go\u015bci mamy: Zasady wynajmu: Cennik: Wszystkie [&hellip;]<\/p>\n","protected":false},"author":1,"featured_media":0,"parent":0,"menu_order":0,"comment_status":"closed","ping_status":"closed","template":"","meta":{"footnotes":""},"class_list":["post-111","page","type-page","status-publish","hentry"],"_links":{"self":[{"href":"https:\/\/chatanawojowka.pl\/index.php?rest_route=\/wp\/v2\/pages\/111","targetHints":{"allow":["GET"]}}],"collection":[{"href":"https:\/\/chatanawojowka.pl\/index.php?rest_route=\/wp\/v2\/pages"}],"about":[{"href":"https:\/\/chatanawojowka.pl\/index.php?rest_route=\/wp\/v2\/types\/page"}],"author":[{"embeddable":true,"href":"https:\/\/chatanawojowka.pl\/index.php?rest_route=\/wp\/v2\/users\/1"}],"replies":[{"embeddable":true,"href":"https:\/\/chatanawojowka.pl\/index.php?rest_route=%2Fwp%2Fv2%2Fcomments&post=111"}],"version-history":[{"count":105,"href":"https:\/\/chatanawojowka.pl\/index.php?rest_route=\/wp\/v2\/pages\/111\/revisions"}],"predecessor-version":[{"id":526,"href":"https:\/\/chatanawojowka.pl\/index.php?rest_route=\/wp\/v2\/pages\/111\/revisions\/526"}],"wp:attachment":[{"href":"https:\/\/chatanawojowka.pl\/index.php?rest_route=%2Fwp%2Fv2%2Fmedia&parent=111"}],"curies":[{"name":"wp","href":"https:\/\/api.w.org\/{rel}","templated":true}]}}