{"id":347,"date":"2025-06-18T20:50:41","date_gmt":"2025-06-18T18:50:41","guid":{"rendered":"https:\/\/chatanawojowka.pl\/?page_id=347"},"modified":"2025-08-07T22:31:19","modified_gmt":"2025-08-07T20:31:19","slug":"o-miejscu","status":"publish","type":"page","link":"https:\/\/chatanawojowka.pl\/?page_id=347","title":{"rendered":"O miejscu"},"content":{"rendered":"\n<p>Chata Nawoj\u00f3wka to wiejski dom z&nbsp;ogromnym ponad 30 arowym sadem. Dom ma ponad 100 lat i zosta\u0142 wybudowany przez naszych Pradziadk\u00f3w. Jeste\u015bmy z siostr\u0105 czwartym pokoleniem, kt\u00f3re korzysta i opiekuje si\u0119 tym miejscem. Poza chat\u0105 na ogrodzie jest te\u017c stodo\u0142a, altana winogronowa oraz dwa biesiadne du\u017ce, drewniane sto\u0142y z \u0142awami.<\/p>\n\n\n\n<blockquote class=\"wp-block-quote is-layout-flow wp-block-quote-is-layout-flow\">\n<p><strong>Dla wi\u0119kszo\u015bci spotka\u0144 i imprez centralne miejsce ogrodu to ognisko, gdzie mo\u017cna przygotowa\u0107 i tradycyjne kie\u0142baski czy ziemniaki w popiele, ale r\u00f3wnie\u017c rzeczy z grilla czy kocio\u0142ek.<\/strong> &nbsp;<\/p>\n<\/blockquote>\n\n\n\n<p>Nazwa miejsca wzi\u0119\u0142a si\u0119 od nazwy wsi, w kt\u00f3rej si\u0119 znajduje. Sami rodzinnie chyba nawet nie wiemy, od kiedy tak zacz\u0119li\u015bmy nazywa\u0107 to miejsce. Wi\u0119c je\u017adzimy do Nawoj\u00f3wki, albo nawet kr\u00f3cej do Nawo.<\/p>\n\n\n\n<blockquote class=\"wp-block-quote is-layout-flow wp-block-quote-is-layout-flow\">\n<p><strong>Od 2023 roku wynajmujemy ogr\u00f3d na przer\u00f3\u017cne imprezy i spotkania. Nie oferujemy wynajmu domu i nocleg\u00f3w.<\/strong><\/p>\n<\/blockquote>\n\n\n\n<div class=\"wp-block-buttons is-horizontal is-content-justification-center is-layout-flex wp-container-core-buttons-is-layout-03627597 wp-block-buttons-is-layout-flex\">\n<div class=\"wp-block-button\"><a class=\"wp-block-button__link has-luminous-vivid-amber-background-color has-background has-upper-heading-font-size has-custom-font-size wp-element-button\" href=\"https:\/\/chatanawojowka.pl\/?page_id=111\">Nasza oferta<\/a><\/div>\n<\/div>\n\n\n\n<h3 class=\"wp-block-heading\">Co w okolicy?<\/h3>\n\n\n\n<p>Ogr\u00f3d sam w sobie ma ogromny urok i daje du\u017ce mo\u017cliwo\u015bci odpoczynku czy zabawy. W bli\u017cszej i dalszej okolicy s\u0105 natomiast kolejne, ciekawe atrakcje z kt\u00f3rych mo\u017cna skorzysta\u0107 i jeszcze bardziej urozmaici\u0107 pobyt u nas.<br><br>-> <a href=\"https:\/\/nawojowagora.pl\">Stadnina koni<\/a> \u2013 850 m<br>-> <a href=\"https:\/\/zpkwm.pl\/park\/tenczynski-park-krajobrazowy\/turystyka\/atrakcje-turystyczne\/\">Tenczy\u0144ski Park Krajobrazowy<\/a> (pi\u0119kne trasy rowerowe) \u2013 wjazd do parku 5 min. od dzia\u0142ki<br>-> Krzeszowice \u2013 5 km<br>-> Dubie (ska\u0142ki, boisko, <a href=\"https:\/\/park.trawers-krzeszowice.pl\/\">Park linowy Trawers<\/a>) &#8211; 6 km<br>-> Klasztor w Czernej \u2013 8 km<br>-> Zamek Tenczyn w Rudnie + <a href=\"https:\/\/www.facebook.com\/profile.php?id=100083182397848\">Zamkowa zagroda (mini zoo)<\/a> \u2013 10 km<br>-> Dolinki podkrakowskie &#8211; 12 km<br><br>Na szybkie zakupy poleca si\u0119 \u017babka \u2013 350 m od domu.<br><\/p>\n\n\n\n<div class=\"wp-block-columns is-layout-flex wp-container-core-columns-is-layout-28f84493 wp-block-columns-is-layout-flex\">\n<div class=\"wp-block-column is-layout-flow wp-block-column-is-layout-flow\">\n<figure class=\"wp-block-gallery has-nested-images columns-default is-cropped wp-block-gallery-1 is-layout-flex wp-block-gallery-is-layout-flex\">\n<figure class=\"wp-block-image size-large\"><img loading=\"lazy\" decoding=\"async\" width=\"518\" height=\"352\" data-id=\"207\" src=\"https:\/\/chatanawojowka.pl\/wp-content\/uploads\/2025\/06\/PnW-TPK-1_prv.jpg\" alt=\"\" class=\"wp-image-207\" srcset=\"https:\/\/chatanawojowka.pl\/wp-content\/uploads\/2025\/06\/PnW-TPK-1_prv.jpg 518w, https:\/\/chatanawojowka.pl\/wp-content\/uploads\/2025\/06\/PnW-TPK-1_prv-300x204.jpg 300w\" sizes=\"auto, (max-width: 518px) 100vw, 518px\" \/><\/figure>\n<\/figure>\n<\/div>\n\n\n\n<div class=\"wp-block-column is-layout-flow wp-block-column-is-layout-flow\">\n<figure class=\"wp-block-image size-large\"><img loading=\"lazy\" decoding=\"async\" width=\"741\" height=\"528\" src=\"https:\/\/chatanawojowka.pl\/wp-content\/uploads\/2025\/06\/TPK_mapa.png\" alt=\"\" class=\"wp-image-205\" srcset=\"https:\/\/chatanawojowka.pl\/wp-content\/uploads\/2025\/06\/TPK_mapa.png 741w, https:\/\/chatanawojowka.pl\/wp-content\/uploads\/2025\/06\/TPK_mapa-300x214.png 300w\" sizes=\"auto, (max-width: 741px) 100vw, 741px\" \/><\/figure>\n<\/div>\n<\/div>\n\n\n\n<div class=\"wp-block-columns is-layout-flex wp-container-core-columns-is-layout-28f84493 wp-block-columns-is-layout-flex\">\n<div class=\"wp-block-column is-layout-flow wp-block-column-is-layout-flow\">\n<figure class=\"wp-block-image size-large\"><img loading=\"lazy\" decoding=\"async\" width=\"1024\" height=\"1024\" src=\"https:\/\/chatanawojowka.pl\/wp-content\/uploads\/2025\/06\/Mini_zoo_zamek_Tenczyn-1024x1024.jpg\" alt=\"\" class=\"wp-image-208\" srcset=\"https:\/\/chatanawojowka.pl\/wp-content\/uploads\/2025\/06\/Mini_zoo_zamek_Tenczyn-1024x1024.jpg 1024w, https:\/\/chatanawojowka.pl\/wp-content\/uploads\/2025\/06\/Mini_zoo_zamek_Tenczyn-300x300.jpg 300w, https:\/\/chatanawojowka.pl\/wp-content\/uploads\/2025\/06\/Mini_zoo_zamek_Tenczyn-150x150.jpg 150w, https:\/\/chatanawojowka.pl\/wp-content\/uploads\/2025\/06\/Mini_zoo_zamek_Tenczyn-768x768.jpg 768w, https:\/\/chatanawojowka.pl\/wp-content\/uploads\/2025\/06\/Mini_zoo_zamek_Tenczyn-1536x1536.jpg 1536w, https:\/\/chatanawojowka.pl\/wp-content\/uploads\/2025\/06\/Mini_zoo_zamek_Tenczyn.jpg 1920w\" sizes=\"auto, (max-width: 1024px) 100vw, 1024px\" \/><\/figure>\n<\/div>\n\n\n\n<div class=\"wp-block-column is-layout-flow wp-block-column-is-layout-flow\">\n<figure class=\"wp-block-image size-large\"><img loading=\"lazy\" decoding=\"async\" width=\"1024\" height=\"1024\" src=\"https:\/\/chatanawojowka.pl\/wp-content\/uploads\/2025\/06\/Mini_zoo_zamek_Tenczyn_atracje_dla_dzieci-1024x1024.jpg\" alt=\"\" class=\"wp-image-209\" srcset=\"https:\/\/chatanawojowka.pl\/wp-content\/uploads\/2025\/06\/Mini_zoo_zamek_Tenczyn_atracje_dla_dzieci-1024x1024.jpg 1024w, https:\/\/chatanawojowka.pl\/wp-content\/uploads\/2025\/06\/Mini_zoo_zamek_Tenczyn_atracje_dla_dzieci-300x300.jpg 300w, https:\/\/chatanawojowka.pl\/wp-content\/uploads\/2025\/06\/Mini_zoo_zamek_Tenczyn_atracje_dla_dzieci-150x150.jpg 150w, https:\/\/chatanawojowka.pl\/wp-content\/uploads\/2025\/06\/Mini_zoo_zamek_Tenczyn_atracje_dla_dzieci-768x768.jpg 768w, https:\/\/chatanawojowka.pl\/wp-content\/uploads\/2025\/06\/Mini_zoo_zamek_Tenczyn_atracje_dla_dzieci-1536x1536.jpg 1536w, https:\/\/chatanawojowka.pl\/wp-content\/uploads\/2025\/06\/Mini_zoo_zamek_Tenczyn_atracje_dla_dzieci.jpg 1920w\" sizes=\"auto, (max-width: 1024px) 100vw, 1024px\" \/><\/figure>\n<\/div>\n<\/div>\n\n\n\n<div style=\"height:40px\" aria-hidden=\"true\" class=\"wp-block-spacer\"><\/div>\n\n\n\n<div class=\"wp-block-cover alignfull wp-duotone-000000-e5f1f0-2\" style=\"margin-top:0;padding-top:4vw;padding-right:4vw;padding-bottom:4vw;padding-left:4vw;min-height:209px;aspect-ratio:unset;\"><img decoding=\"async\" class=\"wp-block-cover__image-background wp-image-154 size-large\" alt=\"\" src=\"https:\/\/chatanawojowka.pl\/wp-content\/uploads\/2025\/06\/DSC_0218-1024x678.jpg\" data-object-fit=\"cover\"\/><span aria-hidden=\"true\" class=\"wp-block-cover__background has-background-dim-90 has-background-dim\" style=\"background-color:#2c3066\"><\/span><div class=\"wp-block-cover__inner-container is-layout-flow wp-block-cover-is-layout-flow\">\n<p class=\"has-text-align-center has-large-font-size\"><strong>Informacje i rezerwacje:<br>Ania, tel. 690 550 614<\/strong><\/p>\n<\/div><\/div>\n\n\n\n<p><\/p>\n","protected":false},"excerpt":{"rendered":"<p>Chata Nawoj\u00f3wka to wiejski dom z&nbsp;ogromnym ponad 30 arowym sadem. Dom ma ponad 100 lat i zosta\u0142 wybudowany przez naszych Pradziadk\u00f3w. Jeste\u015bmy z siostr\u0105 czwartym pokoleniem, kt\u00f3re korzysta i opiekuje si\u0119 tym miejscem. Poza chat\u0105 na ogrodzie jest te\u017c stodo\u0142a, altana winogronowa oraz dwa biesiadne du\u017ce, drewniane sto\u0142y z \u0142awami. Dla wi\u0119kszo\u015bci spotka\u0144 i imprez [&hellip;]<\/p>\n","protected":false},"author":1,"featured_media":0,"parent":0,"menu_order":0,"comment_status":"closed","ping_status":"closed","template":"","meta":{"footnotes":""},"class_list":["post-347","page","type-page","status-publish","hentry"],"_links":{"self":[{"href":"https:\/\/chatanawojowka.pl\/index.php?rest_route=\/wp\/v2\/pages\/347","targetHints":{"allow":["GET"]}}],"collection":[{"href":"https:\/\/chatanawojowka.pl\/index.php?rest_route=\/wp\/v2\/pages"}],"about":[{"href":"https:\/\/chatanawojowka.pl\/index.php?rest_route=\/wp\/v2\/types\/page"}],"author":[{"embeddable":true,"href":"https:\/\/chatanawojowka.pl\/index.php?rest_route=\/wp\/v2\/users\/1"}],"replies":[{"embeddable":true,"href":"https:\/\/chatanawojowka.pl\/index.php?rest_route=%2Fwp%2Fv2%2Fcomments&post=347"}],"version-history":[{"count":18,"href":"https:\/\/chatanawojowka.pl\/index.php?rest_route=\/wp\/v2\/pages\/347\/revisions"}],"predecessor-version":[{"id":530,"href":"https:\/\/chatanawojowka.pl\/index.php?rest_route=\/wp\/v2\/pages\/347\/revisions\/530"}],"wp:attachment":[{"href":"https:\/\/chatanawojowka.pl\/index.php?rest_route=%2Fwp%2Fv2%2Fmedia&parent=347"}],"curies":[{"name":"wp","href":"https:\/\/api.w.org\/{rel}","templated":true}]}}